{"id":273,"date":"2024-12-23T16:50:23","date_gmt":"2024-12-23T16:50:23","guid":{"rendered":"https:\/\/shop.growertractor.com\/?post_type=product&#038;p=273"},"modified":"2025-01-08T15:03:19","modified_gmt":"2025-01-08T15:03:19","slug":"grower-engine-air-filters","status":"publish","type":"product","link":"https:\/\/shop.growertractor.com\/es\/producto\/grower-engine-air-filters\/","title":{"rendered":"Filtros de Aire del Motor Grower"},"content":{"rendered":"<p><strong>Filtraci\u00f3n Superior<\/strong><br \/>\nDise\u00f1ados para suministrar aire limpio al motor, estos filtros mejoran el rendimiento y protegen los componentes de part\u00edculas da\u00f1inas.<\/p>\n<p><strong>Durabilidad Prolongada<\/strong><br \/>\nFabricados con materiales de alta calidad, garantizan un funcionamiento fiable y una vida \u00fatil prolongada incluso en ambientes exigentes.<\/p>","protected":false},"excerpt":{"rendered":"<p>Official Grower Engine Air Filters<\/p>","protected":false},"featured_media":274,"comment_status":"open","ping_status":"closed","template":"","meta":{"site-sidebar-layout":"default","site-content-layout":"","ast-site-content-layout":"default","site-content-style":"default","site-sidebar-style":"default","ast-global-header-display":"","ast-banner-title-visibility":"","ast-main-header-display":"","ast-hfb-above-header-display":"","ast-hfb-below-header-display":"","ast-hfb-mobile-header-display":"","site-post-title":"","ast-breadcrumbs-content":"","ast-featured-img":"","footer-sml-layout":"","ast-disable-related-posts":"","theme-transparent-header-meta":"default","adv-header-id-meta":"","stick-header-meta":"","header-above-stick-meta":"","header-main-stick-meta":"","header-below-stick-meta":"","astra-migrate-meta-layouts":"set","ast-page-background-enabled":"default","ast-page-background-meta":{"desktop":{"background-color":"var(--ast-global-color-4)","background-image":"","background-repeat":"repeat","background-position":"center center","background-size":"auto","background-attachment":"scroll","background-type":"","background-media":"","overlay-type":"","overlay-color":"","overlay-opacity":"","overlay-gradient":""},"tablet":{"background-color":"","background-image":"","background-repeat":"repeat","background-position":"center center","background-size":"auto","background-attachment":"scroll","background-type":"","background-media":"","overlay-type":"","overlay-color":"","overlay-opacity":"","overlay-gradient":""},"mobile":{"background-color":"","background-image":"","background-repeat":"repeat","background-position":"center center","background-size":"auto","background-attachment":"scroll","background-type":"","background-media":"","overlay-type":"","overlay-color":"","overlay-opacity":"","overlay-gradient":""}},"ast-content-background-meta":{"desktop":{"background-color":"var(--ast-global-color-5)","background-image":"","background-repeat":"repeat","background-position":"center center","background-size":"auto","background-attachment":"scroll","background-type":"","background-media":"","overlay-type":"","overlay-color":"","overlay-opacity":"","overlay-gradient":""},"tablet":{"background-color":"var(--ast-global-color-5)","background-image":"","background-repeat":"repeat","background-position":"center center","background-size":"auto","background-attachment":"scroll","background-type":"","background-media":"","overlay-type":"","overlay-color":"","overlay-opacity":"","overlay-gradient":""},"mobile":{"background-color":"var(--ast-global-color-5)","background-image":"","background-repeat":"repeat","background-position":"center center","background-size":"auto","background-attachment":"scroll","background-type":"","background-media":"","overlay-type":"","overlay-color":"","overlay-opacity":"","overlay-gradient":""}}},"product_brand":[],"product_cat":[67,47,42],"product_tag":[],"class_list":{"0":"post-273","1":"product","2":"type-product","3":"status-publish","4":"has-post-thumbnail","6":"product_cat-engine-air-filters","7":"product_cat-filters","8":"product_cat-parts","9":"desktop-align-left","10":"tablet-align-left","11":"mobile-align-left","13":"first","14":"instock","15":"shipping-taxable","16":"purchasable","17":"product-type-simple"},"_links":{"self":[{"href":"https:\/\/shop.growertractor.com\/es\/wp-json\/wp\/v2\/product\/273","targetHints":{"allow":["GET"]}}],"collection":[{"href":"https:\/\/shop.growertractor.com\/es\/wp-json\/wp\/v2\/product"}],"about":[{"href":"https:\/\/shop.growertractor.com\/es\/wp-json\/wp\/v2\/types\/product"}],"replies":[{"embeddable":true,"href":"https:\/\/shop.growertractor.com\/es\/wp-json\/wp\/v2\/comments?post=273"}],"version-history":[{"count":1,"href":"https:\/\/shop.growertractor.com\/es\/wp-json\/wp\/v2\/product\/273\/revisions"}],"predecessor-version":[{"id":550,"href":"https:\/\/shop.growertractor.com\/es\/wp-json\/wp\/v2\/product\/273\/revisions\/550"}],"wp:featuredmedia":[{"embeddable":true,"href":"https:\/\/shop.growertractor.com\/es\/wp-json\/wp\/v2\/media\/274"}],"wp:attachment":[{"href":"https:\/\/shop.growertractor.com\/es\/wp-json\/wp\/v2\/media?parent=273"}],"wp:term":[{"taxonomy":"product_brand","embeddable":true,"href":"https:\/\/shop.growertractor.com\/es\/wp-json\/wp\/v2\/product_brand?post=273"},{"taxonomy":"product_cat","embeddable":true,"href":"https:\/\/shop.growertractor.com\/es\/wp-json\/wp\/v2\/product_cat?post=273"},{"taxonomy":"product_tag","embeddable":true,"href":"https:\/\/shop.growertractor.com\/es\/wp-json\/wp\/v2\/product_tag?post=273"}],"curies":[{"name":"wp","href":"https:\/\/api.w.org\/{rel}","templated":true}]}}