{"id":251,"date":"2024-12-23T15:39:05","date_gmt":"2024-12-23T15:39:05","guid":{"rendered":"https:\/\/shop.growertractor.com\/?post_type=product&#038;p=251"},"modified":"2025-01-22T19:12:52","modified_gmt":"2025-01-22T19:12:52","slug":"grower-pulse-battery","status":"publish","type":"product","link":"https:\/\/shop.growertractor.com\/es\/producto\/grower-pulse-battery\/","title":{"rendered":"Bater\u00eda Grower Pulse"},"content":{"rendered":"<p><strong>Potencia Confiable en Cualquier Lugar<\/strong><br \/>\nProbada en f\u00e1brica para garantizar su rendimiento, la bater\u00eda GROWER Pulse ofrece un desempe\u00f1o sobresaliente en terrenos dif\u00edciles y condiciones extremas.<\/p>\n<p><strong>Eficiencia y Durabilidad<\/strong><br \/>\nCon dise\u00f1os avanzados de placas y rejillas, proporciona arranques m\u00e1s r\u00e1pidos, mejor flujo de energ\u00eda y mayor durabilidad.<\/p>\n<p><strong>Rendimiento Sin Complicaciones<\/strong><br \/>\nUn dise\u00f1o libre de mantenimiento y una carcasa resistente a vibraciones aseguran una operaci\u00f3n confiable sin necesidad de recargar agua.<\/p>","protected":false},"excerpt":{"rendered":"<p>Official Grower Battery<\/p>","protected":false},"featured_media":252,"comment_status":"open","ping_status":"closed","template":"","meta":{"site-sidebar-layout":"default","site-content-layout":"","ast-site-content-layout":"default","site-content-style":"default","site-sidebar-style":"default","ast-global-header-display":"","ast-banner-title-visibility":"","ast-main-header-display":"","ast-hfb-above-header-display":"","ast-hfb-below-header-display":"","ast-hfb-mobile-header-display":"","site-post-title":"","ast-breadcrumbs-content":"","ast-featured-img":"","footer-sml-layout":"","ast-disable-related-posts":"","theme-transparent-header-meta":"default","adv-header-id-meta":"","stick-header-meta":"","header-above-stick-meta":"","header-main-stick-meta":"","header-below-stick-meta":"","astra-migrate-meta-layouts":"set","ast-page-background-enabled":"default","ast-page-background-meta":{"desktop":{"background-color":"var(--ast-global-color-4)","background-image":"","background-repeat":"repeat","background-position":"center center","background-size":"auto","background-attachment":"scroll","background-type":"","background-media":"","overlay-type":"","overlay-color":"","overlay-opacity":"","overlay-gradient":""},"tablet":{"background-color":"","background-image":"","background-repeat":"repeat","background-position":"center center","background-size":"auto","background-attachment":"scroll","background-type":"","background-media":"","overlay-type":"","overlay-color":"","overlay-opacity":"","overlay-gradient":""},"mobile":{"background-color":"","background-image":"","background-repeat":"repeat","background-position":"center center","background-size":"auto","background-attachment":"scroll","background-type":"","background-media":"","overlay-type":"","overlay-color":"","overlay-opacity":"","overlay-gradient":""}},"ast-content-background-meta":{"desktop":{"background-color":"var(--ast-global-color-5)","background-image":"","background-repeat":"repeat","background-position":"center center","background-size":"auto","background-attachment":"scroll","background-type":"","background-media":"","overlay-type":"","overlay-color":"","overlay-opacity":"","overlay-gradient":""},"tablet":{"background-color":"var(--ast-global-color-5)","background-image":"","background-repeat":"repeat","background-position":"center center","background-size":"auto","background-attachment":"scroll","background-type":"","background-media":"","overlay-type":"","overlay-color":"","overlay-opacity":"","overlay-gradient":""},"mobile":{"background-color":"var(--ast-global-color-5)","background-image":"","background-repeat":"repeat","background-position":"center center","background-size":"auto","background-attachment":"scroll","background-type":"","background-media":"","overlay-type":"","overlay-color":"","overlay-opacity":"","overlay-gradient":""}}},"product_brand":[],"product_cat":[305],"product_tag":[],"class_list":{"0":"post-251","1":"product","2":"type-product","3":"status-publish","4":"has-post-thumbnail","6":"product_cat-grower-pulse-performance-batteries","7":"desktop-align-left","8":"tablet-align-left","9":"mobile-align-left","11":"first","12":"instock","13":"shipping-taxable","14":"purchasable","15":"product-type-simple"},"_links":{"self":[{"href":"https:\/\/shop.growertractor.com\/es\/wp-json\/wp\/v2\/product\/251","targetHints":{"allow":["GET"]}}],"collection":[{"href":"https:\/\/shop.growertractor.com\/es\/wp-json\/wp\/v2\/product"}],"about":[{"href":"https:\/\/shop.growertractor.com\/es\/wp-json\/wp\/v2\/types\/product"}],"replies":[{"embeddable":true,"href":"https:\/\/shop.growertractor.com\/es\/wp-json\/wp\/v2\/comments?post=251"}],"version-history":[{"count":1,"href":"https:\/\/shop.growertractor.com\/es\/wp-json\/wp\/v2\/product\/251\/revisions"}],"predecessor-version":[{"id":1373,"href":"https:\/\/shop.growertractor.com\/es\/wp-json\/wp\/v2\/product\/251\/revisions\/1373"}],"wp:featuredmedia":[{"embeddable":true,"href":"https:\/\/shop.growertractor.com\/es\/wp-json\/wp\/v2\/media\/252"}],"wp:attachment":[{"href":"https:\/\/shop.growertractor.com\/es\/wp-json\/wp\/v2\/media?parent=251"}],"wp:term":[{"taxonomy":"product_brand","embeddable":true,"href":"https:\/\/shop.growertractor.com\/es\/wp-json\/wp\/v2\/product_brand?post=251"},{"taxonomy":"product_cat","embeddable":true,"href":"https:\/\/shop.growertractor.com\/es\/wp-json\/wp\/v2\/product_cat?post=251"},{"taxonomy":"product_tag","embeddable":true,"href":"https:\/\/shop.growertractor.com\/es\/wp-json\/wp\/v2\/product_tag?post=251"}],"curies":[{"name":"wp","href":"https:\/\/api.w.org\/{rel}","templated":true}]}}