{"id":1226,"date":"2025-01-21T15:23:15","date_gmt":"2025-01-21T15:23:15","guid":{"rendered":"https:\/\/shop.growertractor.com\/?post_type=product&#038;p=1226"},"modified":"2026-02-17T21:52:11","modified_gmt":"2026-02-17T21:52:11","slug":"ultra-low-drift-uld-120-degree-spray-angle-nozzle-0-4-gpm-1-6-lpm-tip-size-04","status":"publish","type":"product","link":"https:\/\/shop.growertractor.com\/es\/producto\/ultra-low-drift-uld-120-degree-spray-angle-nozzle-0-4-gpm-1-6-lpm-tip-size-04\/","title":{"rendered":"Boquilla de Pulverizaci\u00f3n de Ultra Baja Deriva (ULD) con \u00c1ngulo de Pulverizaci\u00f3n de 120 Grados, 0.4 GPM, 1.6 LPM, Tama\u00f1o de Punta 04"},"content":{"rendered":"<p>Logra una pulverizaci\u00f3n precisa y eficiente con la boquilla ULD. Con un \u00e1ngulo de pulverizaci\u00f3n de 120 grados y una tasa de flujo de 0.4 GPM, esta boquilla minimiza la deriva y asegura una aplicaci\u00f3n precisa, mejorando la cobertura y reduciendo el desperdicio.<\/p>","protected":false},"excerpt":{"rendered":"<p>Official Grower Ultra-Low-Drift (ULD) 120 Degree Spray Angle Nozzle, 0.4 GPM, 1.6 LPM, Tip Size 04<\/p>","protected":false},"featured_media":1227,"comment_status":"open","ping_status":"closed","template":"","meta":{"site-sidebar-layout":"default","site-content-layout":"","ast-site-content-layout":"default","site-content-style":"default","site-sidebar-style":"default","ast-global-header-display":"","ast-banner-title-visibility":"","ast-main-header-display":"","ast-hfb-above-header-display":"","ast-hfb-below-header-display":"","ast-hfb-mobile-header-display":"","site-post-title":"","ast-breadcrumbs-content":"","ast-featured-img":"","footer-sml-layout":"","ast-disable-related-posts":"","theme-transparent-header-meta":"default","adv-header-id-meta":"","stick-header-meta":"","header-above-stick-meta":"","header-main-stick-meta":"","header-below-stick-meta":"","astra-migrate-meta-layouts":"set","ast-page-background-enabled":"default","ast-page-background-meta":{"desktop":{"background-color":"var(--ast-global-color-4)","background-image":"","background-repeat":"repeat","background-position":"center center","background-size":"auto","background-attachment":"scroll","background-type":"","background-media":"","overlay-type":"","overlay-color":"","overlay-opacity":"","overlay-gradient":""},"tablet":{"background-color":"","background-image":"","background-repeat":"repeat","background-position":"center center","background-size":"auto","background-attachment":"scroll","background-type":"","background-media":"","overlay-type":"","overlay-color":"","overlay-opacity":"","overlay-gradient":""},"mobile":{"background-color":"","background-image":"","background-repeat":"repeat","background-position":"center center","background-size":"auto","background-attachment":"scroll","background-type":"","background-media":"","overlay-type":"","overlay-color":"","overlay-opacity":"","overlay-gradient":""}},"ast-content-background-meta":{"desktop":{"background-color":"var(--ast-global-color-5)","background-image":"","background-repeat":"repeat","background-position":"center center","background-size":"auto","background-attachment":"scroll","background-type":"","background-media":"","overlay-type":"","overlay-color":"","overlay-opacity":"","overlay-gradient":""},"tablet":{"background-color":"var(--ast-global-color-5)","background-image":"","background-repeat":"repeat","background-position":"center center","background-size":"auto","background-attachment":"scroll","background-type":"","background-media":"","overlay-type":"","overlay-color":"","overlay-opacity":"","overlay-gradient":""},"mobile":{"background-color":"var(--ast-global-color-5)","background-image":"","background-repeat":"repeat","background-position":"center center","background-size":"auto","background-attachment":"scroll","background-type":"","background-media":"","overlay-type":"","overlay-color":"","overlay-opacity":"","overlay-gradient":""}}},"product_brand":[],"product_cat":[264],"product_tag":[],"class_list":{"0":"post-1226","1":"product","2":"type-product","3":"status-publish","4":"has-post-thumbnail","6":"product_cat-sprayer-nozzles-boom-parts","7":"desktop-align-left","8":"tablet-align-left","9":"mobile-align-left","11":"first","12":"instock","13":"shipping-taxable","14":"purchasable","15":"product-type-simple"},"_links":{"self":[{"href":"https:\/\/shop.growertractor.com\/es\/wp-json\/wp\/v2\/product\/1226","targetHints":{"allow":["GET"]}}],"collection":[{"href":"https:\/\/shop.growertractor.com\/es\/wp-json\/wp\/v2\/product"}],"about":[{"href":"https:\/\/shop.growertractor.com\/es\/wp-json\/wp\/v2\/types\/product"}],"replies":[{"embeddable":true,"href":"https:\/\/shop.growertractor.com\/es\/wp-json\/wp\/v2\/comments?post=1226"}],"version-history":[{"count":1,"href":"https:\/\/shop.growertractor.com\/es\/wp-json\/wp\/v2\/product\/1226\/revisions"}],"predecessor-version":[{"id":1228,"href":"https:\/\/shop.growertractor.com\/es\/wp-json\/wp\/v2\/product\/1226\/revisions\/1228"}],"wp:featuredmedia":[{"embeddable":true,"href":"https:\/\/shop.growertractor.com\/es\/wp-json\/wp\/v2\/media\/1227"}],"wp:attachment":[{"href":"https:\/\/shop.growertractor.com\/es\/wp-json\/wp\/v2\/media?parent=1226"}],"wp:term":[{"taxonomy":"product_brand","embeddable":true,"href":"https:\/\/shop.growertractor.com\/es\/wp-json\/wp\/v2\/product_brand?post=1226"},{"taxonomy":"product_cat","embeddable":true,"href":"https:\/\/shop.growertractor.com\/es\/wp-json\/wp\/v2\/product_cat?post=1226"},{"taxonomy":"product_tag","embeddable":true,"href":"https:\/\/shop.growertractor.com\/es\/wp-json\/wp\/v2\/product_tag?post=1226"}],"curies":[{"name":"wp","href":"https:\/\/api.w.org\/{rel}","templated":true}]}}